{"id":1866,"date":"2024-07-08T11:11:29","date_gmt":"2024-07-08T09:11:29","guid":{"rendered":"https:\/\/armitano.ca\/?page_id=1866"},"modified":"2024-07-08T11:12:22","modified_gmt":"2024-07-08T09:12:22","slug":"fund-raising","status":"publish","type":"page","link":"https:\/\/armitano.ca\/fr\/fund-raising\/","title":{"rendered":"Collecte de fonds"},"content":{"rendered":"<div class=\"wpb-content-wrapper\"><div class=\"vc_row wpb_row vc_row-fluid vc_row-69ea08a863e9f\"><div class=\"wpb_column vc_column_container vc_col-sm-12 vc_row-69ea08a8640b7\"><div class=\"vc_column-inner\"><div class=\"wpb_wrapper\">\n\t<div class=\"wpb_text_column wpb_content_element\" >\n\t\t<div class=\"wpb_wrapper\">\n\t\t\t<p><strong>2003<\/strong> - Donation de la sculpture en bronze \"sensual proposition\", pour soutenir le Art's Club Theatre. (Avec la participation du Dr. Stan Hamilton).<\/p>\n<p><strong>2004<\/strong> &#8211; Donation bronze sculpture,\u201d L.A Belle\u201d to support the Art\u2019s Club Theatre. (With the participation of Dr. Stan Hamilton).<\/p>\n<p><strong>2005<\/strong> - Donation d'une sculpture en bronze, \"dance\", pour soutenir le Art's Club Theatre.<\/p>\n<p><strong>2006<\/strong> - Donation d'une sculpture en bronze, \"groucho\" l'ours grizzly, pour soutenir la fondation de recherche sur le diab\u00e8te juv\u00e9nile.<\/p>\n<p><strong>2007<\/strong> - Donation de la sculpture en bronze \"Sensual Proposition\" pour soutenir le Art's Club Theatre, avec la participation du Dr. Stan Hamilton.<\/p>\n<p><strong>2008<\/strong> - Donation Sculpture en bronze \"L.A Belle\" pour soutenir Art's Umbrella, vente aux ench\u00e8res en direct.<\/p>\n<p><strong>2009<\/strong> - Donation Sculpture en bronze, \"fashion\" pour soutenir la vente aux ench\u00e8res en direct Art's Umbrella. Estim\u00e9e \u00e0 3 800 dollars, vendue pour 12 500 dollars.<\/p>\n<p><strong>2011<\/strong> - Donation d'une sculpture en bronze, \"attitude\", pour soutenir la vente aux ench\u00e8res en direct Art's Umbrella.<\/p>\n<p><strong>2013<\/strong> - Donation de la sculpture en bronze \"kodie the kermodie bear\" pour soutenir la vente aux ench\u00e8res en direct d'Art's Umbrella.<\/p>\n\n\t\t<\/div>\n\t<\/div>\n<\/div><\/div><\/div><\/div>\n<\/div>","protected":false},"excerpt":{"rendered":"2003 - Donation bronze sculpture \u201csensual proposition\u201d, to support the Art\u2019s Club Theatre. ( With the participation of Dr. Stan Hamilton). 2004 - Donation bronze sculpture,\u201d L.A Belle\u201d to support the Art\u2019s Club Theatre. (With the participation of Dr. Stan Hamilton). 2005 - Donation bronze sculpture, \u201cdance\u201d to support the Art\u2019s Club Theatre. 2006 - [...]","protected":false},"author":1,"featured_media":0,"parent":0,"menu_order":0,"comment_status":"closed","ping_status":"closed","template":"","meta":{"_acf_changed":false,"jetpack_post_was_ever_published":false,"footnotes":""},"class_list":["post-1866","page","type-page","status-publish","hentry"],"acf":[],"jetpack_sharing_enabled":true,"_links":{"self":[{"href":"https:\/\/armitano.ca\/fr\/wp-json\/wp\/v2\/pages\/1866","targetHints":{"allow":["GET"]}}],"collection":[{"href":"https:\/\/armitano.ca\/fr\/wp-json\/wp\/v2\/pages"}],"about":[{"href":"https:\/\/armitano.ca\/fr\/wp-json\/wp\/v2\/types\/page"}],"author":[{"embeddable":true,"href":"https:\/\/armitano.ca\/fr\/wp-json\/wp\/v2\/users\/1"}],"replies":[{"embeddable":true,"href":"https:\/\/armitano.ca\/fr\/wp-json\/wp\/v2\/comments?post=1866"}],"version-history":[{"count":1,"href":"https:\/\/armitano.ca\/fr\/wp-json\/wp\/v2\/pages\/1866\/revisions"}],"predecessor-version":[{"id":1867,"href":"https:\/\/armitano.ca\/fr\/wp-json\/wp\/v2\/pages\/1866\/revisions\/1867"}],"wp:attachment":[{"href":"https:\/\/armitano.ca\/fr\/wp-json\/wp\/v2\/media?parent=1866"}],"curies":[{"name":"wp","href":"https:\/\/api.w.org\/{rel}","templated":true}]}}