{"id":1868,"date":"2024-07-08T11:21:50","date_gmt":"2024-07-08T09:21:50","guid":{"rendered":"https:\/\/armitano.ca\/?page_id=1868"},"modified":"2024-10-23T17:17:52","modified_gmt":"2024-10-23T15:17:52","slug":"experience","status":"publish","type":"page","link":"https:\/\/armitano.ca\/fr\/experience\/","title":{"rendered":"Exp\u00e9rience"},"content":{"rendered":"<div class=\"wpb-content-wrapper\"><div class=\"vc_row wpb_row vc_row-fluid vc_row-69ea0b6622068\"><div class=\"wpb_column vc_column_container vc_col-sm-12 vc_row-69ea0b6622254\"><div class=\"vc_column-inner\"><div class=\"wpb_wrapper\">\n\t<div class=\"wpb_text_column wpb_content_element\" >\n\t\t<div class=\"wpb_wrapper\">\n\t\t\t<ul>\n<li><strong>2001<\/strong> - Exposition personnelle. Galerie Blackberry, Port Moody.<\/li>\n<li><strong>2002<\/strong> - Exposition personnelle. Blue Gallery, Vancouver.<\/li>\n<li><strong>2003<\/strong> - Exposition avec jury. Deuxi\u00e8me place, avec \"fashion\". Galerie Blackberry, Port Moody.<\/li>\n<li><strong>2003<\/strong> - Repr\u00e9sentation \u00e0 la Howe Street Gallery<\/li>\n<li><strong>2003<\/strong> - Repr\u00e9sentation \u00e0 la galerie Aaron Ross<\/li>\n<li><strong>2004<\/strong> - Exposition collective, Howe Street Gallery, Vancouver.<\/li>\n<li><strong>2005<\/strong> - Exposition collective, Galerie de la Place des Arts<\/li>\n<li><strong>2005<\/strong> - Concours des prix artistiques de Vancouver.<\/li>\n<li><strong>2005<\/strong> - Concours d'art public. Ocean Walk Project, Richmond B.C. S\u00e9lectionn\u00e9 parmi 23 artistes. Pr\u00e9sentation de la maquette, mars 2006.<\/li>\n<li><strong>2005<\/strong> - Concours de la collection Colart.<\/li>\n<li><strong>2005<\/strong> - Concours d'art public. Mus\u00e9e de l'exploitation mini\u00e8re, Squamish B.C.<\/li>\n<li><strong>2006<\/strong> - Concours d'art public Ville de Calgary.<\/li>\n<li><strong>2006<\/strong> - Concours d'art public Ville de Whistler, collection tournante, pour la place du village.<\/li>\n<li><strong>2006<\/strong> - Participation au concours d'art public VERSANTE pour la ville de Richmond.<\/li>\n<li><strong>2006<\/strong> - Participation au concours d'art public FLO pour la ville de Richmond.<\/li>\n<li><strong>2007<\/strong> - Participation \u00e0 l'exposition avec le SSBC au jardin Vandusen.<\/li>\n<li><strong>2007<\/strong> - Exposition personnelle au Ferry Building \u00e0 Vancouver Ouest.<\/li>\n<li><strong>2008<\/strong> - Participation \u00e0 l'exposition au jardin VanDusen avec le SSBC.<\/li>\n<li><strong>2010<\/strong> - Participation \u00e0 l'exposition au jardin VanDusen avec le SSBC.<\/li>\n<li><strong>2011<\/strong> - Participation \u00e0 l'exposition au jardin VanDusen avec le SSBC.<\/li>\n<li><strong>2012<\/strong> - Participation \u00e0 l'exposition au jardin VanDusen avec le SSBC.<\/li>\n<li><strong>2013<\/strong> - Deux spectacles \u00e0 l'h\u00f4tel Four Season.<\/li>\n<li><strong>2013<\/strong> - Participation \u00e0 l'exposition au jardin VanDusen avec le SSBC.<\/li>\n<\/ul>\n\n\t\t<\/div>\n\t<\/div>\n<\/div><\/div><\/div><\/div>\n<\/div>","protected":false},"excerpt":{"rendered":"2001 - Solo show. Blackberry Gallery, port Moody. 2002 - Solo show. Blue Gallery, Vancouver. 2003 - Juried Show. Second place, with \u201cfashion\u201d. Blackberry Gallery, Port Moody. 2003 - Howe Street Gallery representation 2003 - Aaron Ross Gallery representation 2004 - Group Show, Howe Street Gallery, Vancouver. 2005 - Group Show, Place des Arts Gallery [...]","protected":false},"author":1,"featured_media":0,"parent":0,"menu_order":0,"comment_status":"closed","ping_status":"closed","template":"","meta":{"_acf_changed":false,"jetpack_post_was_ever_published":false,"footnotes":""},"class_list":["post-1868","page","type-page","status-publish","hentry"],"acf":[],"jetpack_sharing_enabled":true,"_links":{"self":[{"href":"https:\/\/armitano.ca\/fr\/wp-json\/wp\/v2\/pages\/1868","targetHints":{"allow":["GET"]}}],"collection":[{"href":"https:\/\/armitano.ca\/fr\/wp-json\/wp\/v2\/pages"}],"about":[{"href":"https:\/\/armitano.ca\/fr\/wp-json\/wp\/v2\/types\/page"}],"author":[{"embeddable":true,"href":"https:\/\/armitano.ca\/fr\/wp-json\/wp\/v2\/users\/1"}],"replies":[{"embeddable":true,"href":"https:\/\/armitano.ca\/fr\/wp-json\/wp\/v2\/comments?post=1868"}],"version-history":[{"count":2,"href":"https:\/\/armitano.ca\/fr\/wp-json\/wp\/v2\/pages\/1868\/revisions"}],"predecessor-version":[{"id":2140,"href":"https:\/\/armitano.ca\/fr\/wp-json\/wp\/v2\/pages\/1868\/revisions\/2140"}],"wp:attachment":[{"href":"https:\/\/armitano.ca\/fr\/wp-json\/wp\/v2\/media?parent=1868"}],"curies":[{"name":"wp","href":"https:\/\/api.w.org\/{rel}","templated":true}]}}