{"id":3,"date":"2024-06-10T18:27:10","date_gmt":"2024-06-10T16:27:10","guid":{"rendered":"https:\/\/armitano.ca\/?page_id=3"},"modified":"2024-07-15T11:50:06","modified_gmt":"2024-07-15T09:50:06","slug":"privacy-policy","status":"publish","type":"page","link":"https:\/\/armitano.ca\/fr\/privacy-policy\/","title":{"rendered":"Politique de confidentialit\u00e9"},"content":{"rendered":"<div class=\"wpb-content-wrapper\"><div class=\"vc_row wpb_row vc_row-fluid vc_row-69ea088863440\"><div class=\"wpb_column vc_column_container vc_col-sm-12 vc_row-69ea08886361e\"><div class=\"vc_column-inner\"><div class=\"wpb_wrapper\">\n\t<div class=\"wpb_text_column wpb_content_element\" >\n\t\t<div class=\"wpb_wrapper\">\n\t\t\t<h3>Cookies<\/h3>\n<p>Si vous acc\u00e9dez \u00e0 la page de connexion, un cookie temporaire sera cr\u00e9\u00e9 pour d\u00e9terminer si votre navigateur accepte les cookies. Il ne contient pas de donn\u00e9es personnelles et sera automatiquement supprim\u00e9 lorsque vous fermerez votre navigateur.<\/p>\n<p>Lorsque vous vous connectez, nous installons un certain nombre de cookies pour enregistrer vos informations de connexion et vos pr\u00e9f\u00e9rences d'\u00e9cran. La dur\u00e9e de vie d'un cookie de connexion est de deux jours, celle d'un cookie d'option d'\u00e9cran est d'un an. Si vous cochez la case \"Se souvenir de moi\", votre cookie de connexion sera conserv\u00e9 pendant deux semaines. Si vous vous d\u00e9connectez de votre compte, le cookie de connexion sera supprim\u00e9.<\/p>\n<p>En modifiant ou en publiant un article, un cookie suppl\u00e9mentaire sera stock\u00e9 dans votre navigateur. Ce cookie ne contient aucune donn\u00e9e personnelle. Il affiche simplement l'ID du message que vous venez de modifier. Il expire apr\u00e8s un jour.<\/p>\n<h3>Utilisation et transmission de vos donn\u00e9es personnelles<\/h3>\n<p>Si vous demandez une r\u00e9initialisation de votre mot de passe, votre adresse IP sera incluse dans l'e-mail de r\u00e9initialisation.<\/p>\n<h3>Dur\u00e9e de stockage de vos donn\u00e9es<\/h3>\n<p>Pour les comptes qui s'inscrivent sur notre site (le cas \u00e9ch\u00e9ant), nous stockons \u00e9galement les donn\u00e9es personnelles indiqu\u00e9es dans leur profil. Tous les comptes peuvent consulter, modifier ou supprimer leurs informations personnelles \u00e0 tout moment (\u00e0 l'exception de leur identifiant). Les gestionnaires du site peuvent \u00e9galement consulter et modifier ces informations.<\/p>\n<h3>Les droits que vous avez sur vos donn\u00e9es<\/h3>\n<p>Si vous avez un compte ou avez laiss\u00e9 des commentaires sur le site, vous pouvez demander \u00e0 recevoir un fichier contenant toutes les donn\u00e9es personnelles dont nous disposons \u00e0 votre sujet, y compris celles que vous nous avez fournies. Vous pouvez \u00e9galement demander la suppression des donn\u00e9es personnelles vous concernant. Ceci ne tient pas compte des donn\u00e9es stock\u00e9es \u00e0 des fins administratives, l\u00e9gales ou de s\u00e9curit\u00e9.<\/p>\n<p>Nous recueillons des informations sur vous lors du processus de paiement sur notre boutique.<\/p>\n<h3>Ce que nous collectons et conservons<\/h3>\n<p>Pendant que vous visitez notre site, nous suivrons\u00a0:<\/p>\n<ul>\n<li>Produits que vous avez consult\u00e9s : nous utilisons cette information pour, par exemple, vous montrer les produits que vous avez r\u00e9cemment consult\u00e9s.<\/li>\n<li>Localisation, adresse IP et type de navigateur : nous utilisons ces informations pour estimer les taxes et les frais d'exp\u00e9dition, par exemple.<\/li>\n<li>Adresse de livraison : nous vous demanderons de saisir cette adresse afin de pouvoir, par exemple, estimer les frais d'exp\u00e9dition avant que vous ne passiez commande, et vous envoyer la commande !<\/li>\n<\/ul>\n<p>Nous utiliserons \u00e9galement des cookies pour suivre le contenu de votre panier lorsque vous naviguez sur notre site.<\/p>\n<p>Lorsque vous achetez chez nous, nous vous demanderons de fournir des informations telles que votre nom, votre adresse de facturation, votre adresse de livraison, votre adresse e-mail, votre num\u00e9ro de t\u00e9l\u00e9phone, les d\u00e9tails de votre carte de cr\u00e9dit\/paiement et des informations facultatives sur votre compte telles que votre nom d'utilisateur et votre mot de passe. Nous utiliserons ces informations \u00e0 des fins telles que\u00a0:<\/p>\n<ul>\n<li>vous envoyer des informations sur votre compte et votre commande<\/li>\n<li>r\u00e9pondre \u00e0 vos demandes, y compris les remboursements et les r\u00e9clamations<\/li>\n<li>Traiter les paiements et pr\u00e9venir la fraude<\/li>\n<li>Cr\u00e9ez votre compte pour notre magasin<\/li>\n<li>Respecter les obligations l\u00e9gales qui nous incombent, telles que le calcul des imp\u00f4ts.<\/li>\n<li>Am\u00e9liorer l'offre de nos magasins<\/li>\n<li>vous envoyer des messages marketing, si vous choisissez de les recevoir<\/li>\n<\/ul>\n<p>Si vous cr\u00e9ez un compte, nous conserverons votre nom, votre adresse, votre adresse \u00e9lectronique et votre num\u00e9ro de t\u00e9l\u00e9phone, qui seront utilis\u00e9s pour remplir le formulaire de commande lors de commandes ult\u00e9rieures.<\/p>\n<p>En r\u00e8gle g\u00e9n\u00e9rale, nous conservons les informations vous concernant aussi longtemps que nous en avons besoin aux fins pour lesquelles nous les collectons et les utilisons, et nous ne sommes pas l\u00e9galement tenus de continuer \u00e0 les conserver. Par exemple, nous conservons les informations relatives aux commandes pendant XXX ans \u00e0 des fins fiscales et comptables. Il s'agit de votre nom, de votre adresse \u00e9lectronique et de vos adresses de facturation et de livraison.<\/p>\n<p>Nous conserverons \u00e9galement les commentaires ou les \u00e9valuations, si vous d\u00e9cidez de les laisser.<\/p>\n<h3>Qui, dans notre \u00e9quipe, a acc\u00e8s<\/h3>\n<p>Les membres de notre \u00e9quipe ont acc\u00e8s aux informations que vous nous fournissez. Par exemple, les administrateurs et les responsables de magasin peuvent y acc\u00e9der :<\/p>\n<ul>\n<li>les informations relatives aux commandes, telles que les produits achet\u00e9s, la date d'achat et le lieu d'exp\u00e9dition, et<\/li>\n<li>Des informations sur les clients, telles que votre nom, votre adresse \u00e9lectronique et les informations relatives \u00e0 la facturation et \u00e0 l'exp\u00e9dition.<\/li>\n<\/ul>\n<p>Les membres de notre \u00e9quipe ont acc\u00e8s \u00e0 ces informations afin d'ex\u00e9cuter les commandes, de proc\u00e9der aux remboursements et de vous aider.<\/p>\n<h3>Ce que nous partageons avec les autres<\/h3>\n<p>Nous partageons des informations avec des tiers qui nous aident \u00e0 ex\u00e9cuter nos commandes et \u00e0 vous fournir des services en magasin, par exemple :<\/p>\n<h4>Paiements<\/h4>\n<p>Nous acceptons les paiements par l'interm\u00e9diaire de PayPal. Lors du traitement des paiements, certaines de vos donn\u00e9es seront transmises \u00e0 PayPal, y compris les informations n\u00e9cessaires au traitement ou \u00e0 la prise en charge du paiement, telles que le montant total de l'achat et les informations de facturation.<\/p>\n<p>Veuillez consulter le\u00a0<a href=\"https:\/\/www.paypal.com\/us\/webapps\/mpp\/ua\/privacy-full\">R\u00e8glement sur le respect de la vie priv\u00e9e de PayPal<\/a>\u00a0pour plus de d\u00e9tails.<\/p>\n\n\t\t<\/div>\n\t<\/div>\n<\/div><\/div><\/div><\/div>\n<\/div>","protected":false},"excerpt":{"rendered":"Cookies If you go to the login page, a temporary cookie will be created to determine whether your browser accepts cookies. It does not contain personal data and will be deleted automatically when you close your browser. When you log in, we will set up a number of cookies to save your login information and [...]","protected":false},"author":1,"featured_media":0,"parent":0,"menu_order":0,"comment_status":"closed","ping_status":"closed","template":"","meta":{"_acf_changed":false,"jetpack_post_was_ever_published":false,"footnotes":""},"class_list":["post-3","page","type-page","status-publish","hentry"],"acf":[],"jetpack_sharing_enabled":true,"_links":{"self":[{"href":"https:\/\/armitano.ca\/fr\/wp-json\/wp\/v2\/pages\/3","targetHints":{"allow":["GET"]}}],"collection":[{"href":"https:\/\/armitano.ca\/fr\/wp-json\/wp\/v2\/pages"}],"about":[{"href":"https:\/\/armitano.ca\/fr\/wp-json\/wp\/v2\/types\/page"}],"author":[{"embeddable":true,"href":"https:\/\/armitano.ca\/fr\/wp-json\/wp\/v2\/users\/1"}],"replies":[{"embeddable":true,"href":"https:\/\/armitano.ca\/fr\/wp-json\/wp\/v2\/comments?post=3"}],"version-history":[{"count":6,"href":"https:\/\/armitano.ca\/fr\/wp-json\/wp\/v2\/pages\/3\/revisions"}],"predecessor-version":[{"id":2010,"href":"https:\/\/armitano.ca\/fr\/wp-json\/wp\/v2\/pages\/3\/revisions\/2010"}],"wp:attachment":[{"href":"https:\/\/armitano.ca\/fr\/wp-json\/wp\/v2\/media?parent=3"}],"curies":[{"name":"wp","href":"https:\/\/api.w.org\/{rel}","templated":true}]}}