{"id":90,"date":"2017-08-29T11:48:29","date_gmt":"2017-08-29T11:48:29","guid":{"rendered":"https:\/\/armitano.ca\/index.php\/home\/"},"modified":"2025-01-28T11:02:30","modified_gmt":"2025-01-28T10:02:30","slug":"home","status":"publish","type":"page","link":"https:\/\/armitano.ca\/fr\/","title":{"rendered":"Accueil"},"content":{"rendered":"<div class=\"wpb-content-wrapper\"><div data-vc-full-width=\"true\" data-vc-full-width-init=\"false\" data-vc-stretch-content=\"true\" class=\"vc_row wpb_row vc_row-fluid vc_row-69ed06dc9a88d vc_row-no-padding\"><div class=\"wpb_column vc_column_container vc_col-sm-12 vc_row-69ed06dc9aad9\"><div class=\"vc_column-inner\"><div class=\"wpb_wrapper\"><div class=\"banner-area banner-area-5d5fcaff87039 external-indent banner-color-inherit\" data-settings=\"{&quot;loop&quot;:true,&quot;speed&quot;:500,&quot;autoplay&quot;:{&quot;delay&quot;:5000,&quot;disableOnInteraction&quot;:false,&quot;pauseOnMouseEnter&quot;:false},&quot;arrows&quot;:true,&quot;dots&quot;:true,&quot;dots_position&quot;:&quot;right-bottom&quot;,&quot;animation&quot;:&quot;&quot;}\"><div class=\"banner-social-buttons\"><div class=\"links\"><a href=\"#\" class=\"item\" target=\"_self\"\"><i class=\"fab fa-facebook-f\"><\/i><span>Facebook<\/span><\/a><a href=\"#\" class=\"item\" target=\"_self\"\"><i class=\"fab fa-instagram\"><\/i><span>Instagram<\/span><\/a><\/div><\/div><div class=\"banner-categories vertical-align-bottom text-align-left\"><div class=\"item\"><a href=\"https:\/\/armitano.ca\/fr\/categorie-produit\/sculptures\/\" target=\"_self\" style=\"background-image: url(https:\/\/armitano.ca\/wp-content\/uploads\/2025\/01\/Montage-sculptures-2.jpg);\"><span><span class=\"num\"><\/span><span class=\"h\">Sculptures<\/span><\/span><\/a><\/div><div class=\"item\"><a href=\"https:\/\/armitano.ca\/fr\/categorie-produit\/paintings\/\" target=\"_self\" style=\"background-image: url(https:\/\/armitano.ca\/wp-content\/uploads\/2025\/01\/Montage-peintures-2.jpg);\"><span><span class=\"num\"><\/span><span class=\"h\">Peintures<\/span><\/span><\/a><\/div><\/div><div class=\"banner-about content\"><div class=\"row\"><div class=\"text col-12\"><div class=\"wrap\"><div class=\"cell\"><div class=\"sub-h\">\u00c0 propos de moi<\/div><div class=\"heading-decor\"><h3>Je m'appelle Mario Armitano,<br \/>\nJe suis sculpteur et peintre.<\/h3><\/div><div class=\"text-p\">N\u00e9 en Provence, dans le sud de la France, Mario a suivi des cours de cuisine et de gestion h\u00f4teli\u00e8re. Apr\u00e8s avoir travaill\u00e9 dans plusieurs h\u00f4tels, Mario s'installe \u00e0 Montr\u00e9al (Qu\u00e9bec) en 1976 pour travailler comme le plus jeune sous-chef de l'h\u00f4tel M\u00e9ridien.<\/p>\n<p>Il a ensuite d\u00e9m\u00e9nag\u00e9 \u00e0 Vancouver en 1978 pour occuper un poste de chef dans l'un des plus r\u00e9cents restaurants italiens d'Umberto, Al Porto.<\/p>\n<p>Le march\u00e9 de Granville Island venait d'ouvrir, 1979 et Mario ouvrent une boucherie fran\u00e7aise, appel\u00e9e La Madrague...<\/p>\n<p>Trois ans plus tard, la petite boulangerie fran\u00e7aise La Baguette et L'echalote..... ouvre sa porte.<\/p>\n<p>...Quelques ann\u00e9es plus tard, Mario a ouvert un restaurant, \u00e0 Gastown, appel\u00e9 Le Souffle, avec \"le repas le plus m\u00e9morable\" de 1985, selon le Vancouver Magazine, et la meilleure carte des vins...<\/div><a href=\"https:\/\/armitano.ca\/fr\/the-artist\/\" class=\"button-style2\" target=\"_self\">L'artiste<\/a><\/div><\/div><div class=\"bg-word\">\u00c0 propos<\/div><\/div><\/div><\/div><div class=\"banner-right-buttons\"><div class=\"cell\"><div class=\"button category\"><span class=\"h\">Cat\u00e9gories<\/span><span class=\"close\"><i class=\"basic-ui-icon-cancel\"><\/i>Close<\/span><\/div><div class=\"button about\"><span class=\"h\">\u00c0 propos<\/span><span class=\"close\"><i class=\"basic-ui-icon-cancel\"><\/i>Close<\/span><\/div><\/div><\/div><div class=\"banner banner-5d5fcaff87039  arrows-right-bottom pagination-right-bottom\" style=\" --transition-speed: 2500ms;\"><div class=\"swiper\"><div class=\"swiper-wrapper\"><div class=\"item swiper-slide banner-item-5d5fde83e39f2 tal white\">\n      <div class=\"bg-image\" style=\"background-image: url(https:\/\/armitano.ca\/wp-content\/uploads\/2024\/07\/bear-marble-Home.jpg)\"><\/div>\n      \n      \n      <div class=\"container\">\n        <div class=\"cell bottom\">\n          <div class=\"heading heading-with-num-type2\">\n        <div class=\"top\">\n          <div class=\"num\"><\/div>\n          \n        <\/div>\n        <h3 class=\"h\">Groucho the grizzly bear<\/h3>\n      <\/div>\n          \n          <a href=\"#\" class=\"button-style2\"><span>En savoir plus<\/span><\/a>\n          \n        <\/div>\n      <\/div>\n    <\/div><div class=\"item swiper-slide banner-item-5d5fdb0354688 tal white\">\n      <div class=\"bg-image\" style=\"background-image: url(https:\/\/armitano.ca\/wp-content\/uploads\/2024\/07\/sensual-proposition-Home-1.jpg)\"><\/div>\n      \n      \n      <div class=\"container\">\n        <div class=\"cell bottom\">\n          <div class=\"heading heading-with-num-type2\">\n        <div class=\"top\">\n          <div class=\"num\"><\/div>\n          \n        <\/div>\n        <h3 class=\"h\">Sensual Proposition<\/h3>\n      <\/div>\n          \n          <a href=\"#\" class=\"button-style2\"><span>En savoir plus<\/span><\/a>\n          \n        <\/div>\n      <\/div>\n    <\/div><div class=\"item swiper-slide banner-item-5d5fde876bb1b tal white\">\n      <div class=\"bg-image\" style=\"background-image: url(https:\/\/armitano.ca\/wp-content\/uploads\/2024\/07\/LA-Belle-Home.jpg)\"><\/div>\n      \n      \n      <div class=\"container\">\n        <div class=\"cell bottom\">\n          <div class=\"heading heading-with-num-type2\">\n        <div class=\"top\">\n          <div class=\"num\"><\/div>\n          \n        <\/div>\n        <h3 class=\"h\">L.A Belle<\/h3>\n      <\/div>\n          \n          <a href=\"#\" class=\"button-style2\"><span>En savoir plus<\/span><\/a>\n          \n        <\/div>\n      <\/div>\n    <\/div><div class=\"item swiper-slide banner-item-5d5fde937c6d6 tal white\">\n      <div class=\"bg-image\" style=\"background-image: url(https:\/\/armitano.ca\/wp-content\/uploads\/2024\/07\/winter3-Home.jpg)\"><\/div>\n      \n      \n      <div class=\"container\">\n        <div class=\"cell bottom\">\n          <div class=\"heading heading-with-num-type2\">\n        <div class=\"top\">\n          <div class=\"num\"><\/div>\n          \n        <\/div>\n        <h3 class=\"h\">Winter<\/h3>\n      <\/div>\n          \n          <a href=\"#\" class=\"button-style2\"><span>En savoir plus<\/span><\/a>\n          \n        <\/div>\n      <\/div>\n    <\/div><\/div><\/div><div class=\"owl-nav\"><div class=\"owl-prev basic-ui-icon-left-arrow\"><\/div><div class=\"owl-next basic-ui-icon-right-arrow\"><\/div><\/div><div class=\"owl-dots\"><\/div><\/div><\/div><\/div><\/div><\/div><\/div><div class=\"vc_row-full-width vc_clearfix\"><\/div>\n<\/div>","protected":false},"excerpt":{"rendered":"InstagramSculpturesPaintingsabout meMy name is Mario Armitano, I\u2019m a sculptor and painter.Born in Provence South of France, Mario attend Culinary school and Hotel management. After working in several Hotels, Mario leaves for Montreal Quebec in 1976 to work as the youngest Sous Chef in the Meridien Hotel Company. Then moved to Vancouver, in 1978 to take [...]","protected":false},"author":1,"featured_media":0,"parent":0,"menu_order":0,"comment_status":"closed","ping_status":"open","template":"template-landing.php","meta":{"_acf_changed":false,"jetpack_post_was_ever_published":false,"footnotes":""},"class_list":["post-90","page","type-page","status-publish","hentry"],"acf":[],"jetpack_sharing_enabled":true,"_links":{"self":[{"href":"https:\/\/armitano.ca\/fr\/wp-json\/wp\/v2\/pages\/90","targetHints":{"allow":["GET"]}}],"collection":[{"href":"https:\/\/armitano.ca\/fr\/wp-json\/wp\/v2\/pages"}],"about":[{"href":"https:\/\/armitano.ca\/fr\/wp-json\/wp\/v2\/types\/page"}],"author":[{"embeddable":true,"href":"https:\/\/armitano.ca\/fr\/wp-json\/wp\/v2\/users\/1"}],"replies":[{"embeddable":true,"href":"https:\/\/armitano.ca\/fr\/wp-json\/wp\/v2\/comments?post=90"}],"version-history":[{"count":19,"href":"https:\/\/armitano.ca\/fr\/wp-json\/wp\/v2\/pages\/90\/revisions"}],"predecessor-version":[{"id":2192,"href":"https:\/\/armitano.ca\/fr\/wp-json\/wp\/v2\/pages\/90\/revisions\/2192"}],"wp:attachment":[{"href":"https:\/\/armitano.ca\/fr\/wp-json\/wp\/v2\/media?parent=90"}],"curies":[{"name":"wp","href":"https:\/\/api.w.org\/{rel}","templated":true}]}}