{"id":1973,"date":"2024-07-11T15:05:06","date_gmt":"2024-07-11T13:05:06","guid":{"rendered":"https:\/\/armitano.ca\/?post_type=product&#038;p=1973"},"modified":"2024-10-23T17:06:25","modified_gmt":"2024-10-23T15:06:25","slug":"dance","status":"publish","type":"product","link":"https:\/\/armitano.ca\/fr\/produit\/dance\/","title":{"rendered":"Dance"},"content":{"rendered":"","protected":false},"excerpt":{"rendered":"<p>Le mod\u00e8le de cette sculpture \u00e9tait une danseuse de ballet, j'ai \u00e9t\u00e9 tellement impressionn\u00e9 par la fa\u00e7on dont elle bougeait son corps que nous avons fait cette pose pour exprimer la projection de son amour pour la danse\u2026<\/p>\n<p>&nbsp;<\/p>\n<p>Bronze<br \/>\n26&#8243; X 16&#8243; X 8&#8243;<br \/>\n66cm X 40cm X 20cm<\/p>","protected":false},"featured_media":1782,"template":"","meta":{"_acf_changed":false,"jetpack_post_was_ever_published":false},"product_brand":[],"product_cat":[42],"product_tag":[],"class_list":{"0":"post-1973","1":"product","2":"type-product","3":"status-publish","4":"has-post-thumbnail","6":"product_cat-sculptures","8":"first","9":"instock","10":"sold-individually","11":"taxable","12":"shipping-taxable","13":"product-type-simple"},"acf":[],"jetpack_sharing_enabled":true,"_links":{"self":[{"href":"https:\/\/armitano.ca\/fr\/wp-json\/wp\/v2\/product\/1973","targetHints":{"allow":["GET"]}}],"collection":[{"href":"https:\/\/armitano.ca\/fr\/wp-json\/wp\/v2\/product"}],"about":[{"href":"https:\/\/armitano.ca\/fr\/wp-json\/wp\/v2\/types\/product"}],"wp:featuredmedia":[{"embeddable":true,"href":"https:\/\/armitano.ca\/fr\/wp-json\/wp\/v2\/media\/1782"}],"wp:attachment":[{"href":"https:\/\/armitano.ca\/fr\/wp-json\/wp\/v2\/media?parent=1973"}],"wp:term":[{"taxonomy":"product_brand","embeddable":true,"href":"https:\/\/armitano.ca\/fr\/wp-json\/wp\/v2\/product_brand?post=1973"},{"taxonomy":"product_cat","embeddable":true,"href":"https:\/\/armitano.ca\/fr\/wp-json\/wp\/v2\/product_cat?post=1973"},{"taxonomy":"product_tag","embeddable":true,"href":"https:\/\/armitano.ca\/fr\/wp-json\/wp\/v2\/product_tag?post=1973"}],"curies":[{"name":"wp","href":"https:\/\/api.w.org\/{rel}","templated":true}]}}