{"id":1975,"date":"2024-07-11T15:06:37","date_gmt":"2024-07-11T13:06:37","guid":{"rendered":"https:\/\/armitano.ca\/?post_type=product&#038;p=1975"},"modified":"2024-10-23T17:06:06","modified_gmt":"2024-10-23T15:06:06","slug":"fashion","status":"publish","type":"product","link":"https:\/\/armitano.ca\/fr\/produit\/fashion\/","title":{"rendered":"Fashion"},"content":{"rendered":"","protected":false},"excerpt":{"rendered":"<p>Inspir\u00e9 par un c\u00e9l\u00e8bre photographe de New York, Lois Greenfield.<\/p>\n<p>&nbsp;<\/p>\n<p>Bronze<br \/>\n25&#8243; X 5&#8243; X 5&#8243;<br \/>\n63cm X 12cm X 12cm<\/p>","protected":false},"featured_media":2091,"template":"","meta":{"_acf_changed":false,"jetpack_post_was_ever_published":false},"product_brand":[],"product_cat":[42],"product_tag":[],"class_list":{"0":"post-1975","1":"product","2":"type-product","3":"status-publish","4":"has-post-thumbnail","6":"product_cat-sculptures","8":"first","9":"instock","10":"sold-individually","11":"taxable","12":"shipping-taxable","13":"product-type-simple"},"acf":[],"jetpack_sharing_enabled":true,"_links":{"self":[{"href":"https:\/\/armitano.ca\/fr\/wp-json\/wp\/v2\/product\/1975","targetHints":{"allow":["GET"]}}],"collection":[{"href":"https:\/\/armitano.ca\/fr\/wp-json\/wp\/v2\/product"}],"about":[{"href":"https:\/\/armitano.ca\/fr\/wp-json\/wp\/v2\/types\/product"}],"wp:featuredmedia":[{"embeddable":true,"href":"https:\/\/armitano.ca\/fr\/wp-json\/wp\/v2\/media\/2091"}],"wp:attachment":[{"href":"https:\/\/armitano.ca\/fr\/wp-json\/wp\/v2\/media?parent=1975"}],"wp:term":[{"taxonomy":"product_brand","embeddable":true,"href":"https:\/\/armitano.ca\/fr\/wp-json\/wp\/v2\/product_brand?post=1975"},{"taxonomy":"product_cat","embeddable":true,"href":"https:\/\/armitano.ca\/fr\/wp-json\/wp\/v2\/product_cat?post=1975"},{"taxonomy":"product_tag","embeddable":true,"href":"https:\/\/armitano.ca\/fr\/wp-json\/wp\/v2\/product_tag?post=1975"}],"curies":[{"name":"wp","href":"https:\/\/api.w.org\/{rel}","templated":true}]}}