{"id":1976,"date":"2024-07-11T15:08:57","date_gmt":"2024-07-11T13:08:57","guid":{"rendered":"https:\/\/armitano.ca\/?post_type=product&#038;p=1976"},"modified":"2024-10-23T17:02:46","modified_gmt":"2024-10-23T15:02:46","slug":"groucho","status":"publish","type":"product","link":"https:\/\/armitano.ca\/fr\/produit\/groucho\/","title":{"rendered":"Groucho the grizzly bear"},"content":{"rendered":"","protected":false},"excerpt":{"rendered":"<p>Il y a un ours grizzly dans la rivi\u00e8re McNeil en Alaska, et Groucho y a attrap\u00e9 88 saumons en une journ\u00e9e... et plus de 1\u00a0000 au cours de la saison...<\/p>\n<p>&nbsp;<\/p>\n<p>Carrara marble<br \/>\n4&#8243; X 3&#8243; X 3&#8243;<br \/>\n122cm X 91cm X 91cm<\/p>","protected":false},"featured_media":1797,"template":"","meta":{"_acf_changed":false,"jetpack_post_was_ever_published":false},"product_brand":[],"product_cat":[42],"product_tag":[],"class_list":{"0":"post-1976","1":"product","2":"type-product","3":"status-publish","4":"has-post-thumbnail","6":"product_cat-sculptures","8":"first","9":"instock","10":"sold-individually","11":"taxable","12":"shipping-taxable","13":"product-type-simple"},"acf":[],"jetpack_sharing_enabled":true,"_links":{"self":[{"href":"https:\/\/armitano.ca\/fr\/wp-json\/wp\/v2\/product\/1976","targetHints":{"allow":["GET"]}}],"collection":[{"href":"https:\/\/armitano.ca\/fr\/wp-json\/wp\/v2\/product"}],"about":[{"href":"https:\/\/armitano.ca\/fr\/wp-json\/wp\/v2\/types\/product"}],"wp:featuredmedia":[{"embeddable":true,"href":"https:\/\/armitano.ca\/fr\/wp-json\/wp\/v2\/media\/1797"}],"wp:attachment":[{"href":"https:\/\/armitano.ca\/fr\/wp-json\/wp\/v2\/media?parent=1976"}],"wp:term":[{"taxonomy":"product_brand","embeddable":true,"href":"https:\/\/armitano.ca\/fr\/wp-json\/wp\/v2\/product_brand?post=1976"},{"taxonomy":"product_cat","embeddable":true,"href":"https:\/\/armitano.ca\/fr\/wp-json\/wp\/v2\/product_cat?post=1976"},{"taxonomy":"product_tag","embeddable":true,"href":"https:\/\/armitano.ca\/fr\/wp-json\/wp\/v2\/product_tag?post=1976"}],"curies":[{"name":"wp","href":"https:\/\/api.w.org\/{rel}","templated":true}]}}