{"id":1983,"date":"2024-07-11T15:20:05","date_gmt":"2024-07-11T13:20:05","guid":{"rendered":"https:\/\/armitano.ca\/?post_type=product&#038;p=1983"},"modified":"2024-10-23T17:05:14","modified_gmt":"2024-10-23T15:05:14","slug":"pride","status":"publish","type":"product","link":"https:\/\/armitano.ca\/fr\/produit\/pride\/","title":{"rendered":"Pride"},"content":{"rendered":"","protected":false},"excerpt":{"rendered":"<p>Le mod\u00e8le, Anwar, fait des s\u00e9ries t\u00e9l\u00e9vis\u00e9es \u00e0 Vancouver et \u00e0 Los Angeles, il a accept\u00e9 de poser pour cette pi\u00e8ce apr\u00e8s de nombreuses demandes... \u00e0 la fin, il a dit qu'il ne serait plus jamais mod\u00e8le !<\/p>\n<p>&nbsp;<\/p>\n<p>Bronze<br \/>\n14&#8243; X 7&#8243; X 6&#8243;<br \/>\n35cm X 15cm X 14cm<\/p>","protected":false},"featured_media":1791,"template":"","meta":{"_acf_changed":false,"jetpack_post_was_ever_published":false},"product_brand":[],"product_cat":[42],"product_tag":[],"class_list":{"0":"post-1983","1":"product","2":"type-product","3":"status-publish","4":"has-post-thumbnail","6":"product_cat-sculptures","8":"first","9":"instock","10":"sold-individually","11":"taxable","12":"shipping-taxable","13":"product-type-simple"},"acf":[],"jetpack_sharing_enabled":true,"_links":{"self":[{"href":"https:\/\/armitano.ca\/fr\/wp-json\/wp\/v2\/product\/1983","targetHints":{"allow":["GET"]}}],"collection":[{"href":"https:\/\/armitano.ca\/fr\/wp-json\/wp\/v2\/product"}],"about":[{"href":"https:\/\/armitano.ca\/fr\/wp-json\/wp\/v2\/types\/product"}],"wp:featuredmedia":[{"embeddable":true,"href":"https:\/\/armitano.ca\/fr\/wp-json\/wp\/v2\/media\/1791"}],"wp:attachment":[{"href":"https:\/\/armitano.ca\/fr\/wp-json\/wp\/v2\/media?parent=1983"}],"wp:term":[{"taxonomy":"product_brand","embeddable":true,"href":"https:\/\/armitano.ca\/fr\/wp-json\/wp\/v2\/product_brand?post=1983"},{"taxonomy":"product_cat","embeddable":true,"href":"https:\/\/armitano.ca\/fr\/wp-json\/wp\/v2\/product_cat?post=1983"},{"taxonomy":"product_tag","embeddable":true,"href":"https:\/\/armitano.ca\/fr\/wp-json\/wp\/v2\/product_tag?post=1983"}],"curies":[{"name":"wp","href":"https:\/\/api.w.org\/{rel}","templated":true}]}}