{"id":1984,"date":"2024-07-11T15:25:07","date_gmt":"2024-07-11T13:25:07","guid":{"rendered":"https:\/\/armitano.ca\/?post_type=product&#038;p=1984"},"modified":"2024-10-23T17:05:02","modified_gmt":"2024-10-23T15:05:02","slug":"sensual-proposition","status":"publish","type":"product","link":"https:\/\/armitano.ca\/fr\/produit\/sensual-proposition\/","title":{"rendered":"Sensual proposition"},"content":{"rendered":"","protected":false},"excerpt":{"rendered":"<p>Inspir\u00e9e par l\u2019un des meilleurs sculpteurs de marbre techniciens de notre \u00e9poque, Marton Viro, cette pi\u00e8ce est ma plus grande difficult\u00e9 \u00e0 ce jour.<\/p>\n<p>&nbsp;<\/p>\n<p>Carrara marble<br \/>\n33&#8243; X 11&#8243; x 12&#8243;<br \/>\n84cm X 28cm X 30cm<\/p>","protected":false},"featured_media":1800,"template":"","meta":{"_acf_changed":false,"jetpack_post_was_ever_published":false},"product_brand":[],"product_cat":[42],"product_tag":[],"class_list":{"0":"post-1984","1":"product","2":"type-product","3":"status-publish","4":"has-post-thumbnail","6":"product_cat-sculptures","8":"first","9":"instock","10":"sold-individually","11":"taxable","12":"shipping-taxable","13":"product-type-simple"},"acf":[],"jetpack_sharing_enabled":true,"_links":{"self":[{"href":"https:\/\/armitano.ca\/fr\/wp-json\/wp\/v2\/product\/1984","targetHints":{"allow":["GET"]}}],"collection":[{"href":"https:\/\/armitano.ca\/fr\/wp-json\/wp\/v2\/product"}],"about":[{"href":"https:\/\/armitano.ca\/fr\/wp-json\/wp\/v2\/types\/product"}],"wp:featuredmedia":[{"embeddable":true,"href":"https:\/\/armitano.ca\/fr\/wp-json\/wp\/v2\/media\/1800"}],"wp:attachment":[{"href":"https:\/\/armitano.ca\/fr\/wp-json\/wp\/v2\/media?parent=1984"}],"wp:term":[{"taxonomy":"product_brand","embeddable":true,"href":"https:\/\/armitano.ca\/fr\/wp-json\/wp\/v2\/product_brand?post=1984"},{"taxonomy":"product_cat","embeddable":true,"href":"https:\/\/armitano.ca\/fr\/wp-json\/wp\/v2\/product_cat?post=1984"},{"taxonomy":"product_tag","embeddable":true,"href":"https:\/\/armitano.ca\/fr\/wp-json\/wp\/v2\/product_tag?post=1984"}],"curies":[{"name":"wp","href":"https:\/\/api.w.org\/{rel}","templated":true}]}}