{"id":1985,"date":"2024-07-11T15:26:08","date_gmt":"2024-07-11T13:26:08","guid":{"rendered":"https:\/\/armitano.ca\/?post_type=product&#038;p=1985"},"modified":"2024-10-23T17:04:54","modified_gmt":"2024-10-23T15:04:54","slug":"spring","status":"publish","type":"product","link":"https:\/\/armitano.ca\/fr\/produit\/spring\/","title":{"rendered":"Spring"},"content":{"rendered":"","protected":false},"excerpt":{"rendered":"<p>Les gens me demandent pourquoi ces grands pieds et ces grandes mains ?<\/p>\n<p>Mon but n'est pas de simplement copier la nature, je me trouve donc en contradiction avec les valeurs esth\u00e9tiques de proportion et de gr\u00e2ce de la figure. Je ne veux pas \u00eatre contraint par les lois de l'anatomie et des proportions humaines...<\/p>\n<p>&nbsp;<\/p>\n<p>Bronze<br \/>\n36&#8243; X 12&#8243; X 18&#8243;<br \/>\n91cm X 30cm X 46cm<\/p>","protected":false},"featured_media":2096,"template":"","meta":{"_acf_changed":false,"jetpack_post_was_ever_published":false},"product_brand":[],"product_cat":[42],"product_tag":[],"class_list":{"0":"post-1985","1":"product","2":"type-product","3":"status-publish","4":"has-post-thumbnail","6":"product_cat-sculptures","8":"first","9":"instock","10":"sold-individually","11":"taxable","12":"shipping-taxable","13":"product-type-simple"},"acf":[],"jetpack_sharing_enabled":true,"_links":{"self":[{"href":"https:\/\/armitano.ca\/fr\/wp-json\/wp\/v2\/product\/1985","targetHints":{"allow":["GET"]}}],"collection":[{"href":"https:\/\/armitano.ca\/fr\/wp-json\/wp\/v2\/product"}],"about":[{"href":"https:\/\/armitano.ca\/fr\/wp-json\/wp\/v2\/types\/product"}],"wp:featuredmedia":[{"embeddable":true,"href":"https:\/\/armitano.ca\/fr\/wp-json\/wp\/v2\/media\/2096"}],"wp:attachment":[{"href":"https:\/\/armitano.ca\/fr\/wp-json\/wp\/v2\/media?parent=1985"}],"wp:term":[{"taxonomy":"product_brand","embeddable":true,"href":"https:\/\/armitano.ca\/fr\/wp-json\/wp\/v2\/product_brand?post=1985"},{"taxonomy":"product_cat","embeddable":true,"href":"https:\/\/armitano.ca\/fr\/wp-json\/wp\/v2\/product_cat?post=1985"},{"taxonomy":"product_tag","embeddable":true,"href":"https:\/\/armitano.ca\/fr\/wp-json\/wp\/v2\/product_tag?post=1985"}],"curies":[{"name":"wp","href":"https:\/\/api.w.org\/{rel}","templated":true}]}}